{"id":549,"date":"2025-06-10T17:17:52","date_gmt":"2025-06-10T15:17:52","guid":{"rendered":"http:\/\/gamemood.tel.uva.es\/?page_id=549"},"modified":"2025-06-17T12:21:10","modified_gmt":"2025-06-17T10:21:10","slug":"politica-de-privacidad","status":"publish","type":"page","link":"https:\/\/gamemood.tel.uva.es\/en\/politica-de-privacidad\/","title":{"rendered":"Privacy police"},"content":{"rendered":"<div data-elementor-type=\"wp-page\" data-elementor-id=\"549\" class=\"elementor elementor-549\">\n\t\t\t\t<div class=\"elementor-element elementor-element-c07c3de e-flex e-con-boxed e-con e-parent\" data-id=\"c07c3de\" data-element_type=\"container\">\n\t\t\t\t\t<div class=\"e-con-inner\">\n\t\t\t\t<div class=\"elementor-element elementor-element-6de493a elementor-widget elementor-widget-heading\" data-id=\"6de493a\" data-element_type=\"widget\" data-widget_type=\"heading.default\">\n\t\t\t\t<div class=\"elementor-widget-container\">\n\t\t\t\t\t<h2 class=\"elementor-heading-title elementor-size-default\">Privacy Policy and Legal Notice<\/h2>\t\t\t\t<\/div>\n\t\t\t\t<\/div>\n\t\t\t\t<div class=\"elementor-element elementor-element-be600c8 elementor-widget elementor-widget-text-editor\" data-id=\"be600c8\" data-element_type=\"widget\" data-widget_type=\"text-editor.default\">\n\t\t\t\t<div class=\"elementor-widget-container\">\n\t\t\t\t\t\t\t\t\t<p><strong>Legal Notice and Privacy Policy of the GameMood Research Platform:<\/strong><\/p><p><strong>Legal notice<\/strong><\/p><p>This platform has been developed for research purposes by a multidisciplinary research team from different institutions at the University of Valladolid. Its use is intended exclusively for scientific, academic, or testing purposes.<\/p><p>The contents, texts, images, and code included on this site are the property of the research team or have been licensed for use in this experimental environment. Total or partial reproduction is prohibited without express authorization.<\/p><p><strong>Privacy police<\/strong><\/p><p class=\"translation-block\">This platform does not collect personally identifiable data without the explicit consent of the user. Any recorded data will be processed in accordance with the <strong>General Data Protection Regulation (GDPR)<\/strong> and will be used solely for scientific or academic purposes.<\/p><ul><li>We do not share data with third parties.<\/li><li>We do not use cookies for advertising purposes.<\/li><li>Data may be anonymized and stored for statistical analysis, in compliance with applicable ethical regulations.<\/li><\/ul>\t\t\t\t\t\t\t\t<\/div>\n\t\t\t\t<\/div>\n\t\t\t\t\t<\/div>\n\t\t\t\t<\/div>\n\t\t\t\t<\/div>","protected":false},"excerpt":{"rendered":"<p>Pol\u00edtica de Privacidad y Aviso Legal Aviso Legal y Pol\u00edtica de Privacidad de la plataforma de investigaci\u00f3n GameMood: Aviso Legal Esta plataforma ha sido desarrollada con fines de investigaci\u00f3n por un equipo de investigaci\u00f3n multidisciplinar de diferentes instituciones en la Universidad de Valladolid. Su uso est\u00e1 destinado exclusivamente a objetivos cient\u00edficos, acad\u00e9micos o de prueba. [&hellip;]<\/p>","protected":false},"author":1,"featured_media":0,"parent":0,"menu_order":0,"comment_status":"closed","ping_status":"closed","template":"","meta":{"_acf_changed":false,"footnotes":""},"class_list":["post-549","page","type-page","status-publish","hentry"],"acf":[],"rttpg_featured_image_url":null,"rttpg_author":{"display_name":"admin","author_link":"https:\/\/gamemood.tel.uva.es\/en\/author\/admin\/"},"rttpg_comment":0,"rttpg_category":null,"rttpg_excerpt":"Pol\u00edtica de Privacidad y Aviso Legal Aviso Legal y Pol\u00edtica de Privacidad de la plataforma de investigaci\u00f3n GameMood: Aviso Legal Esta plataforma ha sido desarrollada con fines de investigaci\u00f3n por un equipo de investigaci\u00f3n multidisciplinar de diferentes instituciones en la Universidad de Valladolid. Su uso est\u00e1 destinado exclusivamente a objetivos cient\u00edficos, acad\u00e9micos o de prueba.&hellip;","_links":{"self":[{"href":"https:\/\/gamemood.tel.uva.es\/en\/wp-json\/wp\/v2\/pages\/549","targetHints":{"allow":["GET"]}}],"collection":[{"href":"https:\/\/gamemood.tel.uva.es\/en\/wp-json\/wp\/v2\/pages"}],"about":[{"href":"https:\/\/gamemood.tel.uva.es\/en\/wp-json\/wp\/v2\/types\/page"}],"author":[{"embeddable":true,"href":"https:\/\/gamemood.tel.uva.es\/en\/wp-json\/wp\/v2\/users\/1"}],"replies":[{"embeddable":true,"href":"https:\/\/gamemood.tel.uva.es\/en\/wp-json\/wp\/v2\/comments?post=549"}],"version-history":[{"count":10,"href":"https:\/\/gamemood.tel.uva.es\/en\/wp-json\/wp\/v2\/pages\/549\/revisions"}],"predecessor-version":[{"id":622,"href":"https:\/\/gamemood.tel.uva.es\/en\/wp-json\/wp\/v2\/pages\/549\/revisions\/622"}],"wp:attachment":[{"href":"https:\/\/gamemood.tel.uva.es\/en\/wp-json\/wp\/v2\/media?parent=549"}],"curies":[{"name":"wp","href":"https:\/\/api.w.org\/{rel}","templated":true}]}}