{"id":149,"date":"2025-05-29T13:10:35","date_gmt":"2025-05-29T11:10:35","guid":{"rendered":"http:\/\/gamemood.tel.uva.es\/?page_id=149"},"modified":"2025-06-06T10:36:26","modified_gmt":"2025-06-06T08:36:26","slug":"referencias","status":"publish","type":"page","link":"https:\/\/gamemood.tel.uva.es\/en\/referencias\/","title":{"rendered":"References"},"content":{"rendered":"<div data-elementor-type=\"wp-page\" data-elementor-id=\"149\" class=\"elementor elementor-149\">\n\t\t\t\t<div class=\"elementor-element elementor-element-5edb8f1 e-flex e-con-boxed e-con e-parent\" data-id=\"5edb8f1\" data-element_type=\"container\">\n\t\t\t\t\t<div class=\"e-con-inner\">\n\t\t\t\t\t<\/div>\n\t\t\t\t<\/div>\n\t\t<div class=\"elementor-element elementor-element-06b0e7c e-flex e-con-boxed e-con e-parent\" data-id=\"06b0e7c\" data-element_type=\"container\">\n\t\t\t\t\t<div class=\"e-con-inner\">\n\t\t\t\t<div class=\"elementor-element elementor-element-cfa2c6b elementor-widget elementor-widget-spacer\" data-id=\"cfa2c6b\" data-element_type=\"widget\" data-widget_type=\"spacer.default\">\n\t\t\t\t<div class=\"elementor-widget-container\">\n\t\t\t\t\t\t\t<div class=\"elementor-spacer\">\n\t\t\t<div class=\"elementor-spacer-inner\"><\/div>\n\t\t<\/div>\n\t\t\t\t\t\t<\/div>\n\t\t\t\t<\/div>\n\t\t\t\t\t<\/div>\n\t\t\t\t<\/div>\n\t\t<div class=\"elementor-element elementor-element-c77995d e-flex e-con-boxed e-con e-parent\" data-id=\"c77995d\" data-element_type=\"container\">\n\t\t\t\t\t<div class=\"e-con-inner\">\n\t\t<div class=\"elementor-element elementor-element-3861913 e-con-full e-flex e-con e-child\" data-id=\"3861913\" data-element_type=\"container\">\n\t\t\t\t<div class=\"elementor-element elementor-element-c3d4a20 elementor-widget elementor-widget-heading\" data-id=\"c3d4a20\" data-element_type=\"widget\" data-widget_type=\"heading.default\">\n\t\t\t\t<div class=\"elementor-widget-container\">\n\t\t\t\t\t<h1 class=\"elementor-heading-title elementor-size-default\">REFERENCES<\/h1>\t\t\t\t<\/div>\n\t\t\t\t<\/div>\n\t\t\t\t<\/div>\n\t\t<div class=\"elementor-element elementor-element-529cad5 e-con-full e-flex e-con e-child\" data-id=\"529cad5\" data-element_type=\"container\">\n\t\t\t\t<div class=\"elementor-element elementor-element-65b8e52 elementor-widget elementor-widget-image\" data-id=\"65b8e52\" data-element_type=\"widget\" data-widget_type=\"image.default\">\n\t\t\t\t<div class=\"elementor-widget-container\">\n\t\t\t\t\t\t\t\t\t\t\t\t\t\t\t<img decoding=\"async\" width=\"180\" height=\"174\" src=\"https:\/\/gamemood.tel.uva.es\/wp-content\/uploads\/2025\/05\/Grupo-5.png\" class=\"attachment-medium size-medium wp-image-126\" alt=\"\" \/>\t\t\t\t\t\t\t\t\t\t\t\t\t\t\t<\/div>\n\t\t\t\t<\/div>\n\t\t\t\t<\/div>\n\t\t\t\t\t<\/div>\n\t\t\t\t<\/div>\n\t\t<div class=\"elementor-element elementor-element-c1c9f48 e-flex e-con-boxed e-con e-parent\" data-id=\"c1c9f48\" data-element_type=\"container\">\n\t\t\t\t\t<div class=\"e-con-inner\">\n\t\t\t\t<div class=\"elementor-element elementor-element-3fd4067 elementor-widget elementor-widget-text-editor\" data-id=\"3fd4067\" data-element_type=\"widget\" data-widget_type=\"text-editor.default\">\n\t\t\t\t<div class=\"elementor-widget-container\">\n\t\t\t\t\t\t\t\t\t<div class=\"elementor-element elementor-element-c1c9f48 e-flex e-con-boxed e-con e-parent e-lazyloaded\" data-id=\"c1c9f48\" data-element_type=\"container\">\n<div class=\"e-con-inner\">\n<div class=\"elementor-element elementor-element-3fd4067 elementor-widget elementor-widget-text-editor\" data-id=\"3fd4067\" data-element_type=\"widget\" data-widget_type=\"text-editor.default\">\n<div class=\"elementor-widget-container\">\n<p>Explore the studies and resources that support our platform. Here you will find the methodological foundation of our approach.<\/p>\n<\/div>\n<\/div>\n<\/div>\n<\/div>\t\t\t\t\t\t\t\t<\/div>\n\t\t\t\t<\/div>\n\t\t\t\t\t<\/div>\n\t\t\t\t<\/div>\n\t\t<div class=\"elementor-element elementor-element-b3882e9 e-flex e-con-boxed e-con e-parent\" data-id=\"b3882e9\" data-element_type=\"container\">\n\t\t\t\t\t<div class=\"e-con-inner\">\n\t\t\t\t<div class=\"elementor-element elementor-element-32c5872 title-alignment-center title_position_default title_hover_border_default title-default img_hover_animation_default readmore-btn-default-style grid-hover-overlay-type-always tpg-el-box-border-enable tpg-border-bottom-disable elementor-widget elementor-widget-tpg-grid-layout\" data-id=\"32c5872\" data-element_type=\"widget\" data-widget_type=\"tpg-grid-layout.default\">\n\t\t\t\t<div class=\"elementor-widget-container\">\n\t\t\t\t\t\t\t<div class=\"rt-container-fluid rt-tpg-container tpg-el-main-wrapper clearfix grid-layout4-main\"\n\t\t\t id=\"rt-tpg-container-3859057234\"\n\t\t\t data-layout=\"grid-layout4\"\n\t\t\t data-grid-style=\"tpg-full-height\"\n\t\t\t data-sc-id=\"elementor\"\n\t\t\t data-el-settings=''\n\t\t\t data-el-query=''\n\t\t\t data-el-path=''\n\t\t>\n\t\t\t\t\t\t<div class='tpg-header-wrapper'>\n\t\t\t\t\t\t\t<\/div>\n\n\t\t\t<div data-title=\"Loading ...\" class=\"rt-row rt-content-loader grid-layout4 grid-behaviour tpg-full-height grid_layout_wrapper\">\n\t\t\t\t\n<div class=\"rt-col-md-4 rt-col-sm-6 rt-col-xs-12 default rt-grid-item\" data-id=\"1\">\n\t<div class=\"rt-holder tpg-post-holder\">\n\t\t<div class=\"rt-detail rt-el-content-wrapper\">\n\t\t\t\t\t\t\t<div class=\"rt-img-holder tpg-el-image-wrap has-thumbnail\">\n\t\t\t\t\t<a data-id=\"1\" href=\"https:\/\/gamemood.tel.uva.es\/en\/emociones-datos-e-ia-una-nueva-era-para-el-analisis-emocional-en-videojuegos\/\" class=\"tpg-post-link\" target=\"_self\">                        <img fetchpriority=\"high\" decoding=\"async\" src=\"https:\/\/gamemood.tel.uva.es\/wp-content\/uploads\/2025\/05\/Noi01.jpg\"\n                             class=\"rt-img-responsive\"\n                             width=\"344\"\n                             height=\"234\"\n                             alt=\"Emociones, datos e IA: una nueva era para el an\u00e1lisis emocional en videojuegos\">\n\t\t\t\t\t\t\n\t\t\t\t\t\t\t\n\t\t<\/a>\n\t\t        <div class=\"overlay grid-hover-content\"><\/div>\n\t\t\t\t\t\t<\/div>\n\t\t\t\n\t\t\t<div class=\"entry-title-wrapper\"><h3 class=\"entry-title\"><a data-id=\"1\" href=\"https:\/\/gamemood.tel.uva.es\/en\/emociones-datos-e-ia-una-nueva-era-para-el-analisis-emocional-en-videojuegos\/\" class=\"tpg-post-link\" target=\"_self\">Emotions, Data and AI: A New Era for Emotional Analysis in Video Games<\/a><\/h3><\/div>\n\t\t\t\n\t\t\t\t\t\t\t<div class=\"tpg-excerpt tpg-el-excerpt\">\n\t\t\t\t\t\t\t\t\t\t\t<div class=\"tpg-excerpt-inner\">\n\t\t\t\t\t\t\tArtificial intelligence has revolutionized multiple sectors by combining massive data analysis with machine learning, enabling the prediction of behaviors and the optimization of processes across all...\t\t\t\t\t\t<\/div>\n\t\t\t\t\t\t\t\t\t\t\t\t\t\t<\/div>\n\t\t\t\n\t\t\t        <div class=\"post-footer\">\n            <div class=\"post-footer\">\n                <div class=\"read-more\">\n\t\t\t\t\t<a data-id=\"1\" href=\"https:\/\/gamemood.tel.uva.es\/en\/emociones-datos-e-ia-una-nueva-era-para-el-analisis-emocional-en-videojuegos\/\" class=\"tpg-post-link\" target=\"_self\">Read more<\/a>                <\/div>\n            <\/div>\n        <\/div>\n\t\t\t\t<\/div>\n\t<\/div>\n<\/div>\n\n<div class=\"rt-col-md-4 rt-col-sm-6 rt-col-xs-12 default rt-grid-item\" data-id=\"167\">\n\t<div class=\"rt-holder tpg-post-holder\">\n\t\t<div class=\"rt-detail rt-el-content-wrapper\">\n\t\t\t\t\t\t\t<div class=\"rt-img-holder tpg-el-image-wrap has-thumbnail\">\n\t\t\t\t\t<a data-id=\"167\" href=\"https:\/\/gamemood.tel.uva.es\/en\/gamemood-ia-para-entender-los-sentimientos-en-el-mundo-gamer\/\" class=\"tpg-post-link\" target=\"_self\">                        <img decoding=\"async\" src=\"https:\/\/gamemood.tel.uva.es\/wp-content\/uploads\/2025\/05\/Mando.jpg\"\n                             class=\"rt-img-responsive\"\n                             width=\"344\"\n                             height=\"234\"\n                             alt=\"GAMEMOOD: IA para entender los sentimientos en el mundo gamer\">\n\t\t\t\t\t\t\n\t\t\t\t\t\t\t\n\t\t<\/a>\n\t\t        <div class=\"overlay grid-hover-content\"><\/div>\n\t\t\t\t\t\t<\/div>\n\t\t\t\n\t\t\t<div class=\"entry-title-wrapper\"><h3 class=\"entry-title\"><a data-id=\"167\" href=\"https:\/\/gamemood.tel.uva.es\/en\/gamemood-ia-para-entender-los-sentimientos-en-el-mundo-gamer\/\" class=\"tpg-post-link\" target=\"_self\">GAMEMOOD: AI to Understand Feelings in the Gaming World<\/a><\/h3><\/div>\n\t\t\t\n\t\t\t\t\t\t\t<div class=\"tpg-excerpt tpg-el-excerpt\">\n\t\t\t\t\t\t\t\t\t\t\t<div class=\"tpg-excerpt-inner\">\n\t\t\t\t\t\t\tAt the intersection of artificial intelligence and video games, a still underexplored space emerges: the emotional analysis of communication that takes place in virtual environments and in the context of...\t\t\t\t\t\t<\/div>\n\t\t\t\t\t\t\t\t\t\t\t\t\t\t<\/div>\n\t\t\t\n\t\t\t        <div class=\"post-footer\">\n            <div class=\"post-footer\">\n                <div class=\"read-more\">\n\t\t\t\t\t<a data-id=\"167\" href=\"https:\/\/gamemood.tel.uva.es\/en\/gamemood-ia-para-entender-los-sentimientos-en-el-mundo-gamer\/\" class=\"tpg-post-link\" target=\"_self\">Read more<\/a>                <\/div>\n            <\/div>\n        <\/div>\n\t\t\t\t<\/div>\n\t<\/div>\n<\/div>\n\n<div class=\"rt-col-md-4 rt-col-sm-6 rt-col-xs-12 default rt-grid-item\" data-id=\"168\">\n\t<div class=\"rt-holder tpg-post-holder\">\n\t\t<div class=\"rt-detail rt-el-content-wrapper\">\n\t\t\t\t\t\t\t<div class=\"rt-img-holder tpg-el-image-wrap has-thumbnail\">\n\t\t\t\t\t<a data-id=\"168\" href=\"https:\/\/gamemood.tel.uva.es\/en\/gamemood-usos-reales-y-beneficiarios-potenciales-en-el-ecosistema-gamer\/\" class=\"tpg-post-link\" target=\"_self\">                        <img loading=\"lazy\" decoding=\"async\" src=\"https:\/\/gamemood.tel.uva.es\/wp-content\/uploads\/2025\/05\/Mando02.png\"\n                             class=\"rt-img-responsive\"\n                             width=\"344\"\n                             height=\"234\"\n                             alt=\"GAMEMOOD: usos reales y beneficiarios potenciales en el ecosistema gamer\">\n\t\t\t\t\t\t\n\t\t\t\t\t\t\t\n\t\t<\/a>\n\t\t        <div class=\"overlay grid-hover-content\"><\/div>\n\t\t\t\t\t\t<\/div>\n\t\t\t\n\t\t\t<div class=\"entry-title-wrapper\"><h3 class=\"entry-title\"><a data-id=\"168\" href=\"https:\/\/gamemood.tel.uva.es\/en\/gamemood-usos-reales-y-beneficiarios-potenciales-en-el-ecosistema-gamer\/\" class=\"tpg-post-link\" target=\"_self\">GAMEMOOD: Real Applications and Potential Beneficiaries in the Gaming Ecosystem<\/a><\/h3><\/div>\n\t\t\t\n\t\t\t\t\t\t\t<div class=\"tpg-excerpt tpg-el-excerpt\">\n\t\t\t\t\t\t\t\t\t\t\t<div class=\"tpg-excerpt-inner\">\n\t\t\t\t\t\t\tIn a market as dynamic and emotionally charged as video games, understanding how players truly feel has become a strategic necessity for those who...\t\t\t\t\t\t<\/div>\n\t\t\t\t\t\t\t\t\t\t\t\t\t\t<\/div>\n\t\t\t\n\t\t\t        <div class=\"post-footer\">\n            <div class=\"post-footer\">\n                <div class=\"read-more\">\n\t\t\t\t\t<a data-id=\"168\" href=\"https:\/\/gamemood.tel.uva.es\/en\/gamemood-usos-reales-y-beneficiarios-potenciales-en-el-ecosistema-gamer\/\" class=\"tpg-post-link\" target=\"_self\">Read more<\/a>                <\/div>\n            <\/div>\n        <\/div>\n\t\t\t\t<\/div>\n\t<\/div>\n<\/div>\n\t\t\t<\/div>\n\t\t\t\n\t\t<\/div>\n\t\t\t\t\t\t<\/div>\n\t\t\t\t<\/div>\n\t\t\t\t<div class=\"elementor-element elementor-element-6bdd42a elementor-widget elementor-widget-spacer\" data-id=\"6bdd42a\" data-element_type=\"widget\" data-widget_type=\"spacer.default\">\n\t\t\t\t<div class=\"elementor-widget-container\">\n\t\t\t\t\t\t\t<div class=\"elementor-spacer\">\n\t\t\t<div class=\"elementor-spacer-inner\"><\/div>\n\t\t<\/div>\n\t\t\t\t\t\t<\/div>\n\t\t\t\t<\/div>\n\t\t\t\t\t<\/div>\n\t\t\t\t<\/div>\n\t\t\t\t<\/div>","protected":false},"excerpt":{"rendered":"<p>REFERENCIAS Explora los estudios y recursos que dan soporte a nuestra plataforma. Aqu\u00ed encontrar\u00e1s la base metodol\u00f3gica de nuestro enfoque. Emociones, datos e IA: una nueva era para el an\u00e1lisis emocional en videojuegos La inteligencia artificial ha revolucionado m\u00faltiples sectores al combinar el an\u00e1lisis masivo de datos con el aprendizaje autom\u00e1tico, permitiendo predecir comportamientos y [&hellip;]<\/p>","protected":false},"author":1,"featured_media":0,"parent":0,"menu_order":0,"comment_status":"closed","ping_status":"closed","template":"","meta":{"_acf_changed":false,"footnotes":""},"class_list":["post-149","page","type-page","status-publish","hentry"],"acf":[],"rttpg_featured_image_url":null,"rttpg_author":{"display_name":"admin","author_link":"https:\/\/gamemood.tel.uva.es\/en\/author\/admin\/"},"rttpg_comment":0,"rttpg_category":"","rttpg_excerpt":"REFERENCIAS Explora los estudios y recursos que dan soporte a nuestra plataforma. Aqu\u00ed encontrar\u00e1s la base metodol\u00f3gica de nuestro enfoque. Emociones, datos e IA: una nueva era para el an\u00e1lisis emocional en videojuegos La inteligencia artificial ha revolucionado m\u00faltiples sectores al combinar el an\u00e1lisis masivo de datos con el aprendizaje autom\u00e1tico, permitiendo predecir comportamientos y&hellip;","_links":{"self":[{"href":"https:\/\/gamemood.tel.uva.es\/en\/wp-json\/wp\/v2\/pages\/149","targetHints":{"allow":["GET"]}}],"collection":[{"href":"https:\/\/gamemood.tel.uva.es\/en\/wp-json\/wp\/v2\/pages"}],"about":[{"href":"https:\/\/gamemood.tel.uva.es\/en\/wp-json\/wp\/v2\/types\/page"}],"author":[{"embeddable":true,"href":"https:\/\/gamemood.tel.uva.es\/en\/wp-json\/wp\/v2\/users\/1"}],"replies":[{"embeddable":true,"href":"https:\/\/gamemood.tel.uva.es\/en\/wp-json\/wp\/v2\/comments?post=149"}],"version-history":[{"count":16,"href":"https:\/\/gamemood.tel.uva.es\/en\/wp-json\/wp\/v2\/pages\/149\/revisions"}],"predecessor-version":[{"id":522,"href":"https:\/\/gamemood.tel.uva.es\/en\/wp-json\/wp\/v2\/pages\/149\/revisions\/522"}],"wp:attachment":[{"href":"https:\/\/gamemood.tel.uva.es\/en\/wp-json\/wp\/v2\/media?parent=149"}],"curies":[{"name":"wp","href":"https:\/\/api.w.org\/{rel}","templated":true}]}}